{"id":14,"date":"2016-02-15T08:25:17","date_gmt":"2016-02-15T08:25:17","guid":{"rendered":"http:\/\/localhost\/bazl\/?page_id=14"},"modified":"2024-01-17T11:13:02","modified_gmt":"2024-01-17T10:13:02","slug":"home","status":"publish","type":"page","link":"https:\/\/preprod.staysafe.aero\/de\/","title":{"rendered":"Startseite"},"content":{"rendered":"<p><\/p>\n<h2><img loading=\"lazy\" decoding=\"async\" class=\"alignnone wp-image-4471\" src=\"https:\/\/preprod.staysafe.aero\/wp-content\/uploads\/2023\/03\/Stay-Safe-Safety-Promotion-for-General-Aviation-scaled.jpg\" alt=\"\" width=\"835\" height=\"270\" srcset=\"https:\/\/preprod.staysafe.aero\/wp-content\/uploads\/2023\/03\/Stay-Safe-Safety-Promotion-for-General-Aviation-scaled.jpg 2560w, https:\/\/preprod.staysafe.aero\/wp-content\/uploads\/2023\/03\/Stay-Safe-Safety-Promotion-for-General-Aviation-300x97.jpg 300w, https:\/\/preprod.staysafe.aero\/wp-content\/uploads\/2023\/03\/Stay-Safe-Safety-Promotion-for-General-Aviation-1024x331.jpg 1024w, https:\/\/preprod.staysafe.aero\/wp-content\/uploads\/2023\/03\/Stay-Safe-Safety-Promotion-for-General-Aviation-768x249.jpg 768w, https:\/\/preprod.staysafe.aero\/wp-content\/uploads\/2023\/03\/Stay-Safe-Safety-Promotion-for-General-Aviation-1536x497.jpg 1536w, https:\/\/preprod.staysafe.aero\/wp-content\/uploads\/2023\/03\/Stay-Safe-Safety-Promotion-for-General-Aviation-2048x663.jpg 2048w\" sizes=\"(max-width: 835px) 100vw, 835px\" \/><\/h2>\n<p>&nbsp;<\/p>\n<p>\u00abStay Safe\u00bb ist die Safety Promotion Plattform des Schweizer Bundesamtes f\u00fcr Zivilluftfahrt auf Deutsch, Franz\u00f6sisch und Italienisch. Als Information- und Austauschplattform richtet sie sich an alle Akteure der General Aviation , insbesondere an Pilotinnen und Piloten aus aus den Bereichen Motor- und Segelflug, Helikopter, Ballone sowie Drohnen. In der Aviatik ist man per &#8220;Du&#8221;, so auch bei Stay Safe. Ziel von Stay Safe ist es, euch f\u00fcr die verschiedenartigen Safety-Themen zu sensibilisieren und den Austausch in der Community zu f\u00f6rdern, ohne Lehrcharakter zu haben. Dazu engagiert sich unser kleines Redaktionsteam aus Piloten, Aviatikexperten, Inspektoren und Fotografen und verpackt wichtige Erkenntnisse aus Vor- und Unf\u00e4llen sowie der Aufsichtst\u00e4tigkeit des BAZL in interessante Beitr\u00e4ge und spannende Geschichten sowie Videos.<\/p>\n<h2>Von Pilotinnen und Piloten &#8211; f\u00fcr die Community<\/h2>\n<p>Pilotinnen und Piloten haben nicht nur die Leidenschaft zu fliegen, sondern auch ihre gemachten Erlebnisse mit Gleichgesinnten zu teilen. Gerade auf dem Gebiet der Safety ist das Teilen von Erfahrungen und Erkenntnissen ein wichtiger Faktor. Bist du auch schon mal in eine heikle Situation geraten? Oder hast du eine lehrreiche Erfahrung gemacht? Wenn ja, dann teile deine ganz pers\u00f6nliche Geschichte mit der Stay Safe-Community \u2013 wir alle k\u00f6nnten daraus lernen! Egal aus welcher Sparte der General Aviation du kommst, sende uns dein Erlebnis, deine Geschichte, deine Erfahrungen an <strong><a href=\"mailto:staysafe@bazl.admin.ch\">staysafe@bazl.admin.ch<\/a><\/strong>. Wir werden sie anonymisieren und mit der Community teilen.<\/p>","protected":false},"excerpt":{"rendered":"<p>&nbsp; \u00abStay Safe\u00bb ist die Safety Promotion Plattform des Schweizer Bundesamtes f\u00fcr Zivilluftfahrt auf Deutsch, Franz\u00f6sisch und Italienisch. Als Information- [&hellip;]<\/p>\n","protected":false},"author":1,"featured_media":0,"parent":0,"menu_order":0,"comment_status":"closed","ping_status":"closed","template":"home-page.php","meta":{"_exactmetrics_skip_tracking":false,"_exactmetrics_sitenote_active":false,"_exactmetrics_sitenote_note":"","_exactmetrics_sitenote_category":0,"footnotes":""},"_links":{"self":[{"href":"https:\/\/preprod.staysafe.aero\/de\/wp-json\/wp\/v2\/pages\/14"}],"collection":[{"href":"https:\/\/preprod.staysafe.aero\/de\/wp-json\/wp\/v2\/pages"}],"about":[{"href":"https:\/\/preprod.staysafe.aero\/de\/wp-json\/wp\/v2\/types\/page"}],"author":[{"embeddable":true,"href":"https:\/\/preprod.staysafe.aero\/de\/wp-json\/wp\/v2\/users\/1"}],"replies":[{"embeddable":true,"href":"https:\/\/preprod.staysafe.aero\/de\/wp-json\/wp\/v2\/comments?post=14"}],"version-history":[{"count":22,"href":"https:\/\/preprod.staysafe.aero\/de\/wp-json\/wp\/v2\/pages\/14\/revisions"}],"predecessor-version":[{"id":4619,"href":"https:\/\/preprod.staysafe.aero\/de\/wp-json\/wp\/v2\/pages\/14\/revisions\/4619"}],"wp:attachment":[{"href":"https:\/\/preprod.staysafe.aero\/de\/wp-json\/wp\/v2\/media?parent=14"}],"curies":[{"name":"wp","href":"https:\/\/api.w.org\/{rel}","templated":true}]}}